{"id":100,"date":"2021-03-02T19:34:07","date_gmt":"2021-03-02T18:34:07","guid":{"rendered":"http:\/\/www.fundacionrac.org\/rac\/?page_id=100"},"modified":"2021-03-18T16:18:39","modified_gmt":"2021-03-18T15:18:39","slug":"premio-arco-al-coleccionismo-2009","status":"publish","type":"page","link":"http:\/\/www.fundacionrac.org\/rac\/premio-arco-al-coleccionismo-2009\/","title":{"rendered":"Premio ARCO al coleccionismo 2009"},"content":{"rendered":"<p><div class=\"fusion-fullwidth fullwidth-box fusion-builder-row-1 fusion-flex-container nonhundred-percent-fullwidth non-hundred-percent-height-scrolling\" style=\"background-color: rgba(255,255,255,0);background-position: center center;background-repeat: no-repeat;border-width: 0px 0px 0px 0px;border-color:#e2e2e2;border-style:solid;\" ><div class=\"fusion-builder-row fusion-row fusion-flex-align-items-flex-start\" style=\"max-width:1456px;margin-left: calc(-4% \/ 2 );margin-right: calc(-4% \/ 2 );\"><div class=\"fusion-layout-column fusion_builder_column fusion-builder-column-0 fusion_builder_column_1_1 1_1 fusion-flex-column\"><div class=\"fusion-column-wrapper fusion-flex-justify-content-flex-start fusion-content-layout-column\" style=\"background-position:left top;background-repeat:no-repeat;-webkit-background-size:cover;-moz-background-size:cover;-o-background-size:cover;background-size:cover;padding: 0px 0px 0px 0px;\"><a class=\"fb-icon-element-1 fb-icon-element fontawesome-icon fa-angle-double-left fas circle-no fusion-text-flow fusion-link\" style=\"font-size:26px;margin-right:13px;\" href=\"http:\/\/www.fundacionrac.org\/rac\/la-fundacion\/\" aria-label=\"Link to http:\/\/www.fundacionrac.org\/rac\/la-fundacion\/\" target=\"_self\"><\/a><style>a.fb-icon-element.fontawesome-icon.fb-icon-element-1{ color: #170303;}a.fb-icon-element.fontawesome-icon.fb-icon-element-1:hover { color: #76b82d;}<\/style><\/div><\/div><style type=\"text\/css\">.fusion-body .fusion-builder-column-0{width:100% !important;margin-top : 0px;margin-bottom : 20px;}.fusion-builder-column-0 > .fusion-column-wrapper {padding-top : 0px !important;padding-right : 0px !important;margin-right : 1.92%;padding-bottom : 0px !important;padding-left : 0px !important;margin-left : 1.92%;}@media only screen and (max-width:1024px) {.fusion-body .fusion-builder-column-0{width:100% !important;order : 0;}.fusion-builder-column-0 > .fusion-column-wrapper {margin-right : 1.92%;margin-left : 1.92%;}}@media only screen and (max-width:640px) {.fusion-body .fusion-builder-column-0{width:100% !important;order : 0;}.fusion-builder-column-0 > .fusion-column-wrapper {margin-right : 1.92%;margin-left : 1.92%;}}<\/style><\/div><style type=\"text\/css\">.fusion-body .fusion-flex-container.fusion-builder-row-1{ padding-top : 0px;margin-top : 0px;padding-right : 0px;padding-bottom : 0px;margin-bottom : 0px;padding-left : 0px;}<\/style><\/div><div class=\"fusion-fullwidth fullwidth-box fusion-builder-row-2 fusion-flex-container nonhundred-percent-fullwidth non-hundred-percent-height-scrolling\" style=\"background-color: rgba(255,255,255,0);background-position: center center;background-repeat: no-repeat;border-width: 0px 0px 0px 0px;border-color:#e2e2e2;border-style:solid;\" ><div class=\"fusion-builder-row fusion-row fusion-flex-align-items-flex-start\" style=\"max-width:1456px;margin-left: calc(-4% \/ 2 );margin-right: calc(-4% \/ 2 );\"><div class=\"fusion-layout-column fusion_builder_column fusion-builder-column-1 fusion_builder_column_2_3 2_3 fusion-flex-column\"><div class=\"fusion-column-wrapper fusion-flex-justify-content-flex-start fusion-content-layout-column\" style=\"background-position:left top;background-repeat:no-repeat;-webkit-background-size:cover;-moz-background-size:cover;-o-background-size:cover;background-size:cover;padding: 0px 0px 0px 0px;\"><div ><span class=\" fusion-imageframe imageframe-none imageframe-1 hover-type-none\"><img decoding=\"async\" width=\"2560\" height=\"1638\" alt=\"Premio ARCO\" title=\"Premio ARCO\" src=\"http:\/\/www.fundacionrac.org\/rac\/wp-content\/uploads\/PremioARCO-scaled.jpg\" class=\"img-responsive wp-image-1903\" srcset=\"http:\/\/www.fundacionrac.org\/rac\/wp-content\/uploads\/PremioARCO-200x128.jpg 200w, http:\/\/www.fundacionrac.org\/rac\/wp-content\/uploads\/PremioARCO-400x256.jpg 400w, http:\/\/www.fundacionrac.org\/rac\/wp-content\/uploads\/PremioARCO-600x384.jpg 600w, http:\/\/www.fundacionrac.org\/rac\/wp-content\/uploads\/PremioARCO-800x512.jpg 800w, http:\/\/www.fundacionrac.org\/rac\/wp-content\/uploads\/PremioARCO-1200x768.jpg 1200w, http:\/\/www.fundacionrac.org\/rac\/wp-content\/uploads\/PremioARCO-scaled.jpg 2560w\" sizes=\"(max-width: 640px) 100vw, 1200px\" \/><\/span><\/div><\/div><\/div><style type=\"text\/css\">.fusion-body .fusion-builder-column-1{width:66.666666666667% !important;margin-top : 0px;margin-bottom : 20px;}.fusion-builder-column-1 > .fusion-column-wrapper {padding-top : 0px !important;padding-right : 0px !important;margin-right : 2.88%;padding-bottom : 0px !important;padding-left : 0px !important;margin-left : 2.88%;}@media only screen and (max-width:1024px) {.fusion-body .fusion-builder-column-1{width:66.666666666667% !important;order : 0;}.fusion-builder-column-1 > .fusion-column-wrapper {margin-right : 2.88%;margin-left : 2.88%;}}@media only screen and (max-width:640px) {.fusion-body .fusion-builder-column-1{width:100% !important;order : 0;}.fusion-builder-column-1 > .fusion-column-wrapper {margin-right : 1.92%;margin-left : 1.92%;}}<\/style><div class=\"fusion-layout-column fusion_builder_column fusion-builder-column-2 fusion_builder_column_1_3 1_3 fusion-flex-column\"><div class=\"fusion-column-wrapper fusion-flex-justify-content-flex-start fusion-content-layout-column\" style=\"background-position:left top;background-repeat:no-repeat;-webkit-background-size:cover;-moz-background-size:cover;-o-background-size:cover;background-size:cover;border-width: 0 0 0 1px;border-color:#76b82d;border-style:solid;padding: 0px 0px 0px 20px;\"><div class=\"fusion-text fusion-text-1\" style=\"transform:translate3d(0,0,0);\"><p>La\u00a0<strong>Fundaci<\/strong><strong>\u00f3<\/strong><strong>n ARCO<\/strong>\u00a0otorga en ARCOmadrid los Premios \u201cA\u201d al Coleccionismo. Esta iniciativa que pretende tanto premiar como estimular el coleccionismo, reconocen el valor art\u00edstico de los fondos de coleccionistas e instituciones, as\u00ed como la labor en el apoyo a la difusi\u00f3n del arte contempor\u00e1neo de la mano de coleccionistas nacionales e internacionales, desde su creaci\u00f3n en 1997.<\/p>\n<p>Tras la reuni\u00f3n del Patronato y del Consejo Asesor de la Fundaci\u00f3n ARCO, se reconoce la labor de seis importantes colecciones, a los que se galardonar\u00e1n en \u00a0el acto de entrega de los premios A, que tendr\u00e1 lugar en el Casino de Madrid y tras el cual se celebrar\u00e1 una cena en la que se recaudar\u00e1n fondos destinados a la adquisici\u00f3n de obras para la colecci\u00f3n en ARCOmadrid y ARCOlisboa.<\/p>\n<p>En el a\u00f1o 2009 el Premio al coleccionismo nacional fue concedido a FUNDACI\u00d3N ROS\u00d3N ARTE CONTEMPOR\u00c1NEO<\/p>\n<\/div><\/div><\/div><style type=\"text\/css\">.fusion-body .fusion-builder-column-2{width:33.333333333333% !important;margin-top : 0px;margin-bottom : 20px;}.fusion-builder-column-2 > .fusion-column-wrapper {padding-top : 0px !important;padding-right : 0px !important;margin-right : 5.76%;padding-bottom : 0px !important;padding-left : 20px !important;margin-left : 5.76%;}@media only screen and (max-width:1024px) {.fusion-body .fusion-builder-column-2{width:33.333333333333% !important;order : 0;}.fusion-builder-column-2 > .fusion-column-wrapper {margin-right : 5.76%;margin-left : 5.76%;}}@media only screen and (max-width:640px) {.fusion-body .fusion-builder-column-2{width:100% !important;order : 0;}.fusion-builder-column-2 > .fusion-column-wrapper {margin-right : 1.92%;margin-left : 1.92%;}}<\/style><\/div><style type=\"text\/css\">.fusion-body .fusion-flex-container.fusion-builder-row-2{ padding-top : 0px;margin-top : 0px;padding-right : 0px;padding-bottom : 0px;margin-bottom : 0px;padding-left : 0px;}<\/style><\/div><\/p>\n","protected":false},"excerpt":{"rendered":"","protected":false},"author":1,"featured_media":0,"parent":0,"menu_order":0,"comment_status":"closed","ping_status":"closed","template":"","meta":{"footnotes":""},"class_list":["post-100","page","type-page","status-publish","hentry"],"_links":{"self":[{"href":"http:\/\/www.fundacionrac.org\/rac\/wp-json\/wp\/v2\/pages\/100","targetHints":{"allow":["GET"]}}],"collection":[{"href":"http:\/\/www.fundacionrac.org\/rac\/wp-json\/wp\/v2\/pages"}],"about":[{"href":"http:\/\/www.fundacionrac.org\/rac\/wp-json\/wp\/v2\/types\/page"}],"author":[{"embeddable":true,"href":"http:\/\/www.fundacionrac.org\/rac\/wp-json\/wp\/v2\/users\/1"}],"replies":[{"embeddable":true,"href":"http:\/\/www.fundacionrac.org\/rac\/wp-json\/wp\/v2\/comments?post=100"}],"version-history":[{"count":4,"href":"http:\/\/www.fundacionrac.org\/rac\/wp-json\/wp\/v2\/pages\/100\/revisions"}],"predecessor-version":[{"id":1904,"href":"http:\/\/www.fundacionrac.org\/rac\/wp-json\/wp\/v2\/pages\/100\/revisions\/1904"}],"wp:attachment":[{"href":"http:\/\/www.fundacionrac.org\/rac\/wp-json\/wp\/v2\/media?parent=100"}],"curies":[{"name":"wp","href":"https:\/\/api.w.org\/{rel}","templated":true}]}}