{"id":1542,"date":"2021-03-08T13:12:55","date_gmt":"2021-03-08T12:12:55","guid":{"rendered":"http:\/\/www.fundacionrac.org\/rac\/?page_id=1542"},"modified":"2021-03-15T06:57:21","modified_gmt":"2021-03-15T05:57:21","slug":"espacio","status":"publish","type":"page","link":"http:\/\/www.fundacionrac.org\/rac\/espacio\/","title":{"rendered":"espacio"},"content":{"rendered":"<div class=\"fusion-fullwidth fullwidth-box fusion-builder-row-1 fusion-flex-container nonhundred-percent-fullwidth non-hundred-percent-height-scrolling\" style=\"background-color: rgba(255,255,255,0);background-position: center center;background-repeat: no-repeat;border-width: 0px 0px 0px 0px;border-color:#e2e2e2;border-style:solid;\" ><div class=\"fusion-builder-row fusion-row fusion-flex-align-items-stretch\" style=\"max-width:1456px;margin-left: calc(-4% \/ 2 );margin-right: calc(-4% \/ 2 );\"><div class=\"fusion-layout-column fusion_builder_column fusion-builder-column-0 fusion_builder_column_2_3 2_3 fusion-flex-column\"><div class=\"fusion-column-wrapper fusion-flex-justify-content-flex-start fusion-content-layout-column\" style=\"background-position:left top;background-repeat:no-repeat;-webkit-background-size:cover;-moz-background-size:cover;-o-background-size:cover;background-size:cover;padding: 0px 0px 0px 0px;\"><style type=\"text\/css\">.fusion-gallery-1 .fusion-gallery-image {border:0px solid #e2e2e2;}<\/style><div class=\"fusion-gallery fusion-gallery-container fusion-grid-3 fusion-columns-total-12 fusion-gallery-layout-grid fusion-gallery-1\" style=\"margin:-5px;\"><div style=\"padding:5px;\" class=\"fusion-grid-column fusion-gallery-column fusion-gallery-column-3 hover-type-none\"><div class=\"fusion-gallery-image\"><a href=\"http:\/\/www.fundacionrac.org\/rac\/wp-content\/uploads\/MG_1528-scaled.jpg\" rel=\"noreferrer\" data-rel=\"iLightbox[gallery_image_1]\" class=\"fusion-lightbox\" target=\"_self\"><img decoding=\"async\" src=\"http:\/\/www.fundacionrac.org\/rac\/wp-content\/uploads\/MG_1528-460x295.jpg\" width=\"460\" height=\"295\" alt=\"\" title=\"_MG_1528\" aria-label=\"_MG_1528\" class=\"img-responsive wp-image-1544 fusion-gallery-image-size-fixed\" \/><\/a><\/div><\/div><div style=\"padding:5px;\" class=\"fusion-grid-column fusion-gallery-column fusion-gallery-column-3 hover-type-none\"><div class=\"fusion-gallery-image\"><a href=\"http:\/\/www.fundacionrac.org\/rac\/wp-content\/uploads\/MG_1551-scaled.jpg\" rel=\"noreferrer\" data-rel=\"iLightbox[gallery_image_1]\" class=\"fusion-lightbox\" target=\"_self\"><img decoding=\"async\" src=\"http:\/\/www.fundacionrac.org\/rac\/wp-content\/uploads\/MG_1551-460x295.jpg\" width=\"460\" height=\"295\" alt=\"\" title=\"_MG_1551\" aria-label=\"_MG_1551\" class=\"img-responsive wp-image-1550 fusion-gallery-image-size-fixed\" \/><\/a><\/div><\/div><div style=\"padding:5px;\" class=\"fusion-grid-column fusion-gallery-column fusion-gallery-column-3 hover-type-none\"><div class=\"fusion-gallery-image\"><a href=\"http:\/\/www.fundacionrac.org\/rac\/wp-content\/uploads\/MG_1550-scaled.jpg\" rel=\"noreferrer\" data-rel=\"iLightbox[gallery_image_1]\" class=\"fusion-lightbox\" target=\"_self\"><img decoding=\"async\" src=\"http:\/\/www.fundacionrac.org\/rac\/wp-content\/uploads\/MG_1550-460x295.jpg\" width=\"460\" height=\"295\" alt=\"\" title=\"_MG_1550\" aria-label=\"_MG_1550\" class=\"img-responsive wp-image-1549 fusion-gallery-image-size-fixed\" srcset=\"http:\/\/www.fundacionrac.org\/rac\/wp-content\/uploads\/MG_1550-200x129.jpg 200w, http:\/\/www.fundacionrac.org\/rac\/wp-content\/uploads\/MG_1550-460x295.jpg 460w\" sizes=\"(max-width: 460px) 100vw, 460px\" \/><\/a><\/div><\/div><div class=\"clearfix\"><\/div><div style=\"padding:5px;\" class=\"fusion-grid-column fusion-gallery-column fusion-gallery-column-3 hover-type-none\"><div class=\"fusion-gallery-image\"><a href=\"http:\/\/www.fundacionrac.org\/rac\/wp-content\/uploads\/MG_1548-scaled.jpg\" rel=\"noreferrer\" data-rel=\"iLightbox[gallery_image_1]\" class=\"fusion-lightbox\" target=\"_self\"><img decoding=\"async\" src=\"http:\/\/www.fundacionrac.org\/rac\/wp-content\/uploads\/MG_1548-460x295.jpg\" width=\"460\" height=\"295\" alt=\"\" title=\"_MG_1548\" aria-label=\"_MG_1548\" class=\"img-responsive wp-image-1548 fusion-gallery-image-size-fixed\" \/><\/a><\/div><\/div><div style=\"padding:5px;\" class=\"fusion-grid-column fusion-gallery-column fusion-gallery-column-3 hover-type-none\"><div class=\"fusion-gallery-image\"><a href=\"http:\/\/www.fundacionrac.org\/rac\/wp-content\/uploads\/MG_1527-scaled.jpg\" data-caption=\"Fundaci\u00f3n RAC\" rel=\"noreferrer\" data-rel=\"iLightbox[gallery_image_1]\" class=\"fusion-lightbox\" target=\"_self\"><img decoding=\"async\" src=\"http:\/\/www.fundacionrac.org\/rac\/wp-content\/uploads\/MG_1527-460x295.jpg\" width=\"460\" height=\"295\" alt=\"Fundaci\u00f3n RAC\" title=\"Fundaci\u00f3n RAC\" aria-label=\"Fundaci\u00f3n RAC\" class=\"img-responsive wp-image-1543 fusion-gallery-image-size-fixed\" \/><\/a><\/div><\/div><div style=\"padding:5px;\" class=\"fusion-grid-column fusion-gallery-column fusion-gallery-column-3 hover-type-none\"><div class=\"fusion-gallery-image\"><a href=\"http:\/\/www.fundacionrac.org\/rac\/wp-content\/uploads\/MG_1530-scaled.jpg\" rel=\"noreferrer\" data-rel=\"iLightbox[gallery_image_1]\" class=\"fusion-lightbox\" target=\"_self\"><img decoding=\"async\" src=\"http:\/\/www.fundacionrac.org\/rac\/wp-content\/uploads\/MG_1530-460x295.jpg\" width=\"460\" height=\"295\" alt=\"\" title=\"_MG_1530\" aria-label=\"_MG_1530\" class=\"img-responsive wp-image-1545 fusion-gallery-image-size-fixed\" \/><\/a><\/div><\/div><div class=\"clearfix\"><\/div><div style=\"padding:5px;\" class=\"fusion-grid-column fusion-gallery-column fusion-gallery-column-3 hover-type-none\"><div class=\"fusion-gallery-image\"><a href=\"http:\/\/www.fundacionrac.org\/rac\/wp-content\/uploads\/MG_1543-scaled.jpg\" rel=\"noreferrer\" data-rel=\"iLightbox[gallery_image_1]\" class=\"fusion-lightbox\" target=\"_self\"><img decoding=\"async\" src=\"http:\/\/www.fundacionrac.org\/rac\/wp-content\/uploads\/MG_1543-460x295.jpg\" width=\"460\" height=\"295\" alt=\"\" title=\"_MG_1543\" aria-label=\"_MG_1543\" class=\"img-responsive wp-image-1547 fusion-gallery-image-size-fixed\" \/><\/a><\/div><\/div><div style=\"padding:5px;\" class=\"fusion-grid-column fusion-gallery-column fusion-gallery-column-3 hover-type-none\"><div class=\"fusion-gallery-image\"><a href=\"http:\/\/www.fundacionrac.org\/rac\/wp-content\/uploads\/MG_1533-scaled.jpg\" rel=\"noreferrer\" data-rel=\"iLightbox[gallery_image_1]\" class=\"fusion-lightbox\" target=\"_self\"><img decoding=\"async\" src=\"http:\/\/www.fundacionrac.org\/rac\/wp-content\/uploads\/MG_1533-460x295.jpg\" width=\"460\" height=\"295\" alt=\"\" title=\"_MG_1533\" aria-label=\"_MG_1533\" class=\"img-responsive wp-image-1546 fusion-gallery-image-size-fixed\" \/><\/a><\/div><\/div><div style=\"padding:5px;\" class=\"fusion-grid-column fusion-gallery-column fusion-gallery-column-3 hover-type-none\"><div class=\"fusion-gallery-image\"><a href=\"http:\/\/www.fundacionrac.org\/rac\/wp-content\/uploads\/MG_1558-scaled.jpg\" rel=\"noreferrer\" data-rel=\"iLightbox[gallery_image_1]\" class=\"fusion-lightbox\" target=\"_self\"><img decoding=\"async\" src=\"http:\/\/www.fundacionrac.org\/rac\/wp-content\/uploads\/MG_1558-460x295.jpg\" width=\"460\" height=\"295\" alt=\"\" title=\"_MG_1558\" aria-label=\"_MG_1558\" class=\"img-responsive wp-image-1552 fusion-gallery-image-size-fixed\" \/><\/a><\/div><\/div><div class=\"clearfix\"><\/div><div style=\"padding:5px;\" class=\"fusion-grid-column fusion-gallery-column fusion-gallery-column-3 hover-type-none\"><div class=\"fusion-gallery-image\"><a href=\"http:\/\/www.fundacionrac.org\/rac\/wp-content\/uploads\/MG_1561-scaled.jpg\" rel=\"noreferrer\" data-rel=\"iLightbox[gallery_image_1]\" class=\"fusion-lightbox\" target=\"_self\"><img decoding=\"async\" src=\"http:\/\/www.fundacionrac.org\/rac\/wp-content\/uploads\/MG_1561-460x295.jpg\" width=\"460\" height=\"295\" alt=\"\" title=\"_MG_1561\" aria-label=\"_MG_1561\" class=\"img-responsive wp-image-1553 fusion-gallery-image-size-fixed\" \/><\/a><\/div><\/div><div style=\"padding:5px;\" class=\"fusion-grid-column fusion-gallery-column fusion-gallery-column-3 hover-type-none\"><div class=\"fusion-gallery-image\"><a href=\"http:\/\/www.fundacionrac.org\/rac\/wp-content\/uploads\/MG_1568-scaled.jpg\" rel=\"noreferrer\" data-rel=\"iLightbox[gallery_image_1]\" class=\"fusion-lightbox\" target=\"_self\"><img decoding=\"async\" src=\"http:\/\/www.fundacionrac.org\/rac\/wp-content\/uploads\/MG_1568-460x295.jpg\" width=\"460\" height=\"295\" alt=\"\" title=\"_MG_1568\" aria-label=\"_MG_1568\" class=\"img-responsive wp-image-1554 fusion-gallery-image-size-fixed\" \/><\/a><\/div><\/div><div style=\"padding:5px;\" class=\"fusion-grid-column fusion-gallery-column fusion-gallery-column-3 hover-type-none\"><div class=\"fusion-gallery-image\"><a href=\"http:\/\/www.fundacionrac.org\/rac\/wp-content\/uploads\/MG_1555-scaled.jpg\" rel=\"noreferrer\" data-rel=\"iLightbox[gallery_image_1]\" class=\"fusion-lightbox\" target=\"_self\"><img decoding=\"async\" src=\"http:\/\/www.fundacionrac.org\/rac\/wp-content\/uploads\/MG_1555-460x295.jpg\" width=\"460\" height=\"295\" alt=\"\" title=\"_MG_1555\" aria-label=\"_MG_1555\" class=\"img-responsive wp-image-1551 fusion-gallery-image-size-fixed\" \/><\/a><\/div><\/div><div class=\"clearfix\"><\/div><\/div><\/div><\/div><style type=\"text\/css\">.fusion-body .fusion-builder-column-0{width:66.666666666667% !important;margin-top : 0px;margin-bottom : 20px;}.fusion-builder-column-0 > .fusion-column-wrapper {padding-top : 0px !important;padding-right : 0px !important;margin-right : 2.88%;padding-bottom : 0px !important;padding-left : 0px !important;margin-left : 2.88%;}@media only screen and (max-width:1024px) {.fusion-body .fusion-builder-column-0{width:66.666666666667% !important;order : 0;}.fusion-builder-column-0 > .fusion-column-wrapper {margin-right : 2.88%;margin-left : 2.88%;}}@media only screen and (max-width:640px) {.fusion-body .fusion-builder-column-0{width:100% !important;order : 0;}.fusion-builder-column-0 > .fusion-column-wrapper {margin-right : 1.92%;margin-left : 1.92%;}}<\/style><div class=\"fusion-layout-column fusion_builder_column fusion-builder-column-1 fusion_builder_column_1_3 1_3 fusion-flex-column fusion-flex-align-self-flex-start\"><div class=\"fusion-column-wrapper fusion-flex-justify-content-flex-start fusion-content-layout-column\" style=\"background-position:left top;background-repeat:no-repeat;-webkit-background-size:cover;-moz-background-size:cover;-o-background-size:cover;background-size:cover;border-width: 0 0 0 1px;border-color:#76b82d;border-style:solid;padding: 0px 0px 0px 20px;\"><div class=\"fusion-separator\" style=\"align-self: flex-start;margin-right:auto;margin-bottom:20px;width:100%;max-width:10%;\"><div class=\"fusion-separator-border sep-single\" style=\"border-color:#76b82d;border-top-width:5px;\"><\/div><\/div><div class=\"fusion-text fusion-text-1\" style=\"transform:translate3d(0,0,0);\"><h2>Fundaci\u00f3n RAC<\/h2>\n<\/div><div class=\"fusion-text fusion-text-2\" style=\"transform:translate3d(0,0,0);\"><p>El espacio expositivo de la fundaci\u00f3n se desarrolla en dos niveles, planta baja y planta s\u00f3tano. Entre ambos niveles existe un espacio en doble altura que permite tanto la conexi\u00f3n visual entre ellos, como la iluminaci\u00f3n del nivel inferior con luz natural. Ambas plantas disponen de una altura libre de 2,85 m siendo la altura del doble espacio de 6,30 m.<\/p>\n<\/div><div class=\"fusion-text fusion-text-3\" style=\"transform:translate3d(0,0,0);\"><h3>Planos de la fundaci\u00f3n Rac<\/h3>\n<p><a href=\"http:\/\/www.fundacionrac.org\/rac\/wp-content\/uploads\/FundRac_PlantaBaja.pdf\">Plano planta baja<\/a><\/p>\n<p><a href=\"http:\/\/www.fundacionrac.org\/rac\/wp-content\/uploads\/FundRac_PlantaBaja_Cotas.pdf\">Plano planta baja con cotas<\/a><\/p>\n<p><a href=\"http:\/\/www.fundacionrac.org\/rac\/wp-content\/uploads\/FundRac_Sotano.pdf\">Plano planta s\u00f3tano<\/a><\/p>\n<p><a href=\"http:\/\/www.fundacionrac.org\/rac\/wp-content\/uploads\/FundRac_Sotano_Cotas.pdf\">Plano planta s\u00f3tano con cotas<\/a><\/p>\n<\/div><\/div><\/div><style type=\"text\/css\">.fusion-body .fusion-builder-column-1{width:33.333333333333% !important;margin-top : 0px;margin-bottom : 20px;}.fusion-builder-column-1 > .fusion-column-wrapper {padding-top : 0px !important;padding-right : 0px !important;margin-right : 5.76%;padding-bottom : 0px !important;padding-left : 20px !important;margin-left : 5.76%;}@media only screen and (max-width:1024px) {.fusion-body .fusion-builder-column-1{width:33.333333333333% !important;order : 0;}.fusion-builder-column-1 > .fusion-column-wrapper {margin-right : 5.76%;margin-left : 5.76%;}}@media only screen and (max-width:640px) {.fusion-body .fusion-builder-column-1{width:100% !important;order : 0;}.fusion-builder-column-1 > .fusion-column-wrapper {margin-right : 1.92%;margin-left : 1.92%;}}<\/style><\/div><style type=\"text\/css\">.fusion-body .fusion-flex-container.fusion-builder-row-1{ padding-top : 0px;margin-top : 0px;padding-right : 0px;padding-bottom : 0px;margin-bottom : 0px;padding-left : 0px;}<\/style><\/div>\n","protected":false},"excerpt":{"rendered":"","protected":false},"author":1,"featured_media":0,"parent":0,"menu_order":0,"comment_status":"closed","ping_status":"closed","template":"","meta":{"footnotes":""},"class_list":["post-1542","page","type-page","status-publish","hentry"],"_links":{"self":[{"href":"http:\/\/www.fundacionrac.org\/rac\/wp-json\/wp\/v2\/pages\/1542","targetHints":{"allow":["GET"]}}],"collection":[{"href":"http:\/\/www.fundacionrac.org\/rac\/wp-json\/wp\/v2\/pages"}],"about":[{"href":"http:\/\/www.fundacionrac.org\/rac\/wp-json\/wp\/v2\/types\/page"}],"author":[{"embeddable":true,"href":"http:\/\/www.fundacionrac.org\/rac\/wp-json\/wp\/v2\/users\/1"}],"replies":[{"embeddable":true,"href":"http:\/\/www.fundacionrac.org\/rac\/wp-json\/wp\/v2\/comments?post=1542"}],"version-history":[{"count":18,"href":"http:\/\/www.fundacionrac.org\/rac\/wp-json\/wp\/v2\/pages\/1542\/revisions"}],"predecessor-version":[{"id":1818,"href":"http:\/\/www.fundacionrac.org\/rac\/wp-json\/wp\/v2\/pages\/1542\/revisions\/1818"}],"wp:attachment":[{"href":"http:\/\/www.fundacionrac.org\/rac\/wp-json\/wp\/v2\/media?parent=1542"}],"curies":[{"name":"wp","href":"https:\/\/api.w.org\/{rel}","templated":true}]}}