{"id":1662,"date":"2021-03-10T16:59:52","date_gmt":"2021-03-10T15:59:52","guid":{"rendered":"http:\/\/www.fundacionrac.org\/rac\/?page_id=1662"},"modified":"2021-03-10T17:48:39","modified_gmt":"2021-03-10T16:48:39","slug":"contacto","status":"publish","type":"page","link":"http:\/\/www.fundacionrac.org\/rac\/contacto\/","title":{"rendered":"contacto"},"content":{"rendered":"<div class=\"fusion-fullwidth fullwidth-box fusion-builder-row-1 fusion-flex-container nonhundred-percent-fullwidth non-hundred-percent-height-scrolling\" style=\"background-color: rgba(255,255,255,0);background-position: center center;background-repeat: no-repeat;border-width: 0px 0px 0px 0px;border-color:#e2e2e2;border-style:solid;\" ><div class=\"fusion-builder-row fusion-row fusion-flex-align-items-flex-start\" style=\"max-width:1456px;margin-left: calc(-4% \/ 2 );margin-right: calc(-4% \/ 2 );\"><div class=\"fusion-layout-column fusion_builder_column fusion-builder-column-0 fusion_builder_column_1_2 1_2 fusion-flex-column\"><div class=\"fusion-column-wrapper fusion-flex-justify-content-flex-start fusion-content-layout-column\" style=\"background-position:left top;background-repeat:no-repeat;-webkit-background-size:cover;-moz-background-size:cover;-o-background-size:cover;background-size:cover;padding: 0px 0px 0px 0px;\"><div class=\"fusion-text fusion-text-1\" style=\"transform:translate3d(0,0,0);\"><h2>Fundaci\u00f3n Ros\u00f3n Arte Contempor\u00e1neo<\/h2>\n<p><a href=\"https:\/\/goo.gl\/maps\/fdgm7FAqshrTqcg4A\" target=\"_blank\" rel=\"noopener\">Padre Sarmiento, 41<\/a><br \/>\n36002 Pontevedra<br \/>\nGalicia, Espa\u00f1a<\/p>\n<p>E: <a href=\"mailto:info@fundacionrac.org\">info@fundacionrac.org<\/a><br \/>\nT: +34 986 842 950<\/p>\n<p>Horario de atenci\u00f3n telef\u00f3nica:<br \/>\nDe lunes a viernes de 10 h a 14 h<br \/>\nHorario de visitas: consultar exposici\u00f3n<\/p>\n<p>Sigue la actualidad de la fundaci\u00f3n en redes:<br \/>\n<a href=\"https:\/\/www.facebook.com\/fundacionrac.rosonartecontemporaneo.3\" target=\"_blank\" rel=\"noopener\">_facebook<\/a>\u00a0\u00a0\u00a0 <a href=\"https:\/\/www.instagram.com\/racfundacion\/\" target=\"_blank\" rel=\"noopener\">_instagram<\/a><\/p>\n<\/div><\/div><\/div><style type=\"text\/css\">.fusion-body .fusion-builder-column-0{width:50% !important;margin-top : 0px;margin-bottom : 20px;}.fusion-builder-column-0 > .fusion-column-wrapper {padding-top : 0px !important;padding-right : 0px !important;margin-right : 3.84%;padding-bottom : 0px !important;padding-left : 0px !important;margin-left : 3.84%;}@media only screen and (max-width:1024px) {.fusion-body .fusion-builder-column-0{width:50% !important;order : 0;}.fusion-builder-column-0 > .fusion-column-wrapper {margin-right : 3.84%;margin-left : 3.84%;}}@media only screen and (max-width:640px) {.fusion-body .fusion-builder-column-0{width:100% !important;order : 0;}.fusion-builder-column-0 > .fusion-column-wrapper {margin-right : 1.92%;margin-left : 1.92%;}}<\/style><div class=\"fusion-layout-column fusion_builder_column fusion-builder-column-1 fusion_builder_column_1_2 1_2 fusion-flex-column\"><div class=\"fusion-column-wrapper fusion-flex-justify-content-flex-start fusion-content-layout-column\" style=\"background-position:left top;background-repeat:no-repeat;-webkit-background-size:cover;-moz-background-size:cover;-o-background-size:cover;background-size:cover;padding: 0px 0px 0px 0px;\"><div class=\"fusion-text fusion-text-2\" style=\"transform:translate3d(0,0,0);\"><p>Si necesitas cualquier informaci\u00f3n adicional puedes ponerte en contacto con nosotros a trav\u00e9s de este formulario.<br \/>\nEscr\u00edbenos tambi\u00e9n si est\u00e1s interesado en alguna publicaci\u00f3n o edici\u00f3n.<\/p>\n<\/div><style>.fusion-form-1661 .fusion-form-tooltip .fusion-form-tooltip-content{color:#c9c9c9 !important;background-color:#ffffff !important;border-color:#ffffff !important;}.fusion-form-1661 input::placeholder{color:rgba(75,79,71,0.5);}.fusion-form-1661 textarea::placeholder{color:rgba(75,79,71,0.5);}.fusion-form-1661 select:invalid{color:rgba(75,79,71,0.5) !important;}.fusion-form-1661 input.fusion-form-upload-field::placeholder{color:#4b4f47;}.fusion-form-1661 option,.fusion-form-1661 input.fusion-form-upload-field:-ms-input-placeholder{color:#4b4f47;}.fusion-form-1661 input:-ms-input-placeholder{color:rgba(75,79,71,0.5);}.fusion-form-1661 textarea:-ms-input-placeholder{color:rgba(75,79,71,0.5);}.fusion-form-1661 .fusion-form-input-with-icon > i{color:#4b4f47 !important;}.fusion-form-1661 input:not([type=\"submit\"]),.fusion-form-1661 select,.fusion-form-1661 textarea{color:#4b4f47;border-top-width:1px;border-bottom-width:1px;border-right-width:1px;border-left-width:1px;border-color:#4b4f47;border-radius:4px;}.fusion-form-1661 .fusion-select-wrapper .select-arrow path{stroke:#4b4f47 !important;}.fusion-form-1661.fusion-form-form-wrapper .fusion-form-field .fusion-form-image-select label{border-top-width:1px;border-bottom-width:1px;border-right-width:1px;border-left-width:1px;border-color:#4b4f47;border-radius:4px;}.fusion-form-1661 .fusion-select-wrapper .select-arrow{right:calc( 1em + 1px) !important;}.fusion-form-1661 .fusion-form-field .fusion-form-input-with-icon > i{left:calc( 1em + 1px) !important;}.fusion-form-1661 .fusion-form-field:not( .fusion-form-upload-field ) .fusion-form-input-with-icon > i{top:calc( 50% + (1px - 1px ) \/ 2 ) !important;}.fusion-form-1661.fusion-form-form-wrapper .fusion-form-field .fusion-form-checkbox label:before,.fusion-form-1661.fusion-form-form-wrapper .fusion-form-field .fusion-form-radio label:before{border-color:#4b4f47;}.fusion-form-1661.fusion-form-form-wrapper .fusion-form-field .fusion-form-rating-area .fusion-form-rating-icon{color:#4b4f47;}.fusion-form-1661.fusion-form-form-wrapper .fusion-form-field input[type=range]::-webkit-slider-runnable-track{background:#4b4f47;}.fusion-form-1661.fusion-form-form-wrapper .fusion-form-field input[type=range]::-moz-range-track{background:#4b4f47;}.fusion-form-1661 input:not([type=\"submit\"]):focus,.fusion-form-1661 select:focus,.fusion-form-1661 textarea:focus,.fusion-form-1661.fusion-form-form-wrapper .fusion-form-field.focused.fusion-form-upload-field .fusion-form-upload-field,.fusion-form-1661.fusion-form-form-wrapper .fusion-form-field .fusion-form-radio input:checked + label:before,.fusion-form-1661.fusion-form-form-wrapper .fusion-form-field .fusion-form-radio input:hover + label:before,.fusion-form-1661.fusion-form-form-wrapper .fusion-form-field .fusion-form-checkbox input:checked + label:before,.fusion-form-1661.fusion-form-form-wrapper .fusion-form-field .fusion-form-checkbox input:hover + label:before,.fusion-form-1661.fusion-form-form-wrapper .fusion-form-field .fusion-form-image-select .fusion-form-input:checked + label,.fusion-form-1661.fusion-form-form-wrapper .fusion-form-field .fusion-form-image-select .fusion-form-input:hover + label,.fusion-form-1661.fusion-form-form-wrapper .fusion-form-field .fusion-form-checkbox input:focus + label:before,.fusion-form-1661.fusion-form-form-wrapper .fusion-form-field .fusion-form-radio input:focus + label:before,.fusion-form-1661.fusion-form-form-wrapper .fusion-form-field .fusion-form-image-select .fusion-form-input:focus + label{border-color:#170303;}.fusion-form-1661.fusion-form-form-wrapper .fusion-form-field .fusion-form-radio input:hover:not(:checked) + label:before,.fusion-form-1661.fusion-form-form-wrapper .fusion-form-field .fusion-form-checkbox input:hover:not(:checked) + label:before,.fusion-form-1661.fusion-form-form-wrapper .fusion-form-field .fusion-form-image-select .fusion-form-input:hover:not(:checked) + label,.fusion-form-1661.fusion-form-form-wrapper .fusion-form-field .fusion-form-upload-field-container:hover .fusion-form-upload-field,.fusion-form-1661.fusion-form-form-wrapper .fusion-form-field .fusion-form-range-field-container .fusion-form-range-value:hover:not(:focus),.fusion-form-1661.fusion-form-form-wrapper .fusion-form-field .fusion-form-input:hover:not(:focus){border-color:rgba(23,3,3,0.5);}.fusion-form-1661.fusion-form-form-wrapper .fusion-form-field .fusion-form-rating-area .fusion-form-input:checked ~ label i{color:#170303;}.fusion-form-1661.fusion-form-form-wrapper .fusion-form-field .fusion-form-rating-area .fusion-form-input:checked:hover ~ label i,.fusion-form-1661.fusion-form-form-wrapper .fusion-form-field .fusion-form-rating-area .fusion-form-rating-icon:hover i,.fusion-form-1661.fusion-form-form-wrapper .fusion-form-field .fusion-form-rating-area .fusion-form-rating-icon:hover ~ label i,.fusion-form-1661.fusion-form-form-wrapper .fusion-form-field .fusion-form-rating-area .fusion-form-input:hover ~ label i{color:rgba(23,3,3,0.5);}.fusion-form-1661.fusion-form-form-wrapper .fusion-form-field .fusion-form-checkbox input:checked + label:after,.fusion-form-1661.fusion-form-form-wrapper .fusion-form-field .fusion-form-radio input:checked + label:after{background:#170303;}.fusion-form-1661.fusion-form-form-wrapper .fusion-form-field input[type=range]::-ms-track{background:#170303;}.fusion-form-1661.fusion-form-form-wrapper .fusion-form-field input[type=range]::-webkit-slider-thumb{background:#170303;}.fusion-form-1661.fusion-form-form-wrapper .fusion-form-field input[type=range]::-moz-range-thumb{background:#170303;}.fusion-form-1661.fusion-form-form-wrapper .fusion-form-field input[type=range]::-ms-thumb{background:#170303;}<\/style><div class=\"fusion-form fusion-form-builder fusion-form-form-wrapper fusion-form-1661\" data-form-id=\"1661\"><form action=\"http:\/\/www.fundacionrac.org\/rac\/contacto\/\" method=\"post\" class=\"fusion-form fusion-form-1661\"><div class=\"fusion-fullwidth fullwidth-box fusion-builder-row-1-1 fusion-flex-container nonhundred-percent-fullwidth non-hundred-percent-height-scrolling\" style=\"background-color: rgba(255,255,255,0);background-position: center center;background-repeat: no-repeat;border-width: 0px 0px 0px 0px;border-color:#e2e2e2;border-style:solid;\" ><div class=\"fusion-builder-row fusion-row fusion-flex-align-items-flex-start\" style=\"width:104% !important;max-width:104% !important;margin-left: calc(-4% \/ 2 );margin-right: calc(-4% \/ 2 );\"><div class=\"fusion-layout-column fusion_builder_column fusion-builder-column-2 fusion_builder_column_1_2 1_2 fusion-flex-column\"><div class=\"fusion-column-wrapper fusion-flex-justify-content-flex-start fusion-content-layout-column\" style=\"background-position:left top;background-repeat:no-repeat;-webkit-background-size:cover;-moz-background-size:cover;-o-background-size:cover;background-size:cover;padding: 0px 0px 0px 0px;\"><div class=\"fusion-form-field fusion-form-text-field fusion-form-label-above\" data-form-id=\"1661\"><div class=\"fusion-form-label-wrapper\"><label for=\"nombre\">Nombre  <abbr class=\"fusion-form-element-required\" title=\"required\">*<\/abbr><\/label><\/div><input type=\"text\" name=\"nombre\" value=\"\"  class=\"fusion-form-input\" required=\"true\" aria-required=\"true\" placeholder=\"nombre*\" data-holds-private-data=\"false\"\/><\/div><div class=\"fusion-form-field fusion-form-email-field fusion-form-label-above\" data-form-id=\"1661\"><div class=\"fusion-form-label-wrapper\"><label for=\"correo_electronico\">Correo electr\u00f3nico <abbr class=\"fusion-form-element-required\" title=\"required\">*<\/abbr><\/label><\/div><input type=\"email\" name=\"correo_electronico\" value=\"\"  class=\"fusion-form-input\" required=\"true\" aria-required=\"true\" placeholder=\"correo electr\u00f3nico*\" data-holds-private-data=\"false\"\/><\/div><\/div><\/div><style type=\"text\/css\">.fusion-body .fusion-builder-column-2{width:50% !important;margin-top : 0px;margin-bottom : 20px;}.fusion-builder-column-2 > .fusion-column-wrapper {padding-top : 0px !important;padding-right : 0px !important;margin-right : 3.84%;padding-bottom : 0px !important;padding-left : 0px !important;margin-left : 3.84%;}@media only screen and (max-width:1024px) {.fusion-body .fusion-builder-column-2{width:50% !important;order : 0;}.fusion-builder-column-2 > .fusion-column-wrapper {margin-right : 3.84%;margin-left : 3.84%;}}@media only screen and (max-width:640px) {.fusion-body .fusion-builder-column-2{width:100% !important;order : 0;}.fusion-builder-column-2 > .fusion-column-wrapper {margin-right : 1.92%;margin-left : 1.92%;}}<\/style><div class=\"fusion-layout-column fusion_builder_column fusion-builder-column-3 fusion_builder_column_1_2 1_2 fusion-flex-column\"><div class=\"fusion-column-wrapper fusion-flex-justify-content-flex-start fusion-content-layout-column\" style=\"background-position:left top;background-repeat:no-repeat;-webkit-background-size:cover;-moz-background-size:cover;-o-background-size:cover;background-size:cover;padding: 0px 0px 0px 0px;\"><div class=\"fusion-form-field fusion-form-text-field fusion-form-label-above\" data-form-id=\"1661\"><div class=\"fusion-form-label-wrapper\"><label for=\"apellidos\">Apellidos <abbr class=\"fusion-form-element-required\" title=\"required\">*<\/abbr><\/label><\/div><input type=\"text\" name=\"apellidos\" value=\"\"  class=\"fusion-form-input\" required=\"true\" aria-required=\"true\" placeholder=\"apellidos*\" data-holds-private-data=\"false\"\/><\/div><div class=\"fusion-form-field fusion-form-phone-number-field fusion-form-label-above\" data-form-id=\"1661\"><div class=\"fusion-form-label-wrapper\"><label for=\"telefono\">Tel\u00e9fono<\/label><\/div><div class=\"fusion-form-input-with-icon\"><i class=\"fa-phone-square-alt fas\"><\/i><input type=\"phone-number\" name=\"telefono\" value=\"\"  class=\"fusion-form-input\" placeholder=\"tel\u00e9fono\" data-holds-private-data=\"false\" pattern=\"[0-9()#&+*-=.]+\" title=\"Only numbers and phone characters are accepted.\"\/><\/div><\/div><\/div><\/div><style type=\"text\/css\">.fusion-body .fusion-builder-column-3{width:50% !important;margin-top : 0px;margin-bottom : 20px;}.fusion-builder-column-3 > .fusion-column-wrapper {padding-top : 0px !important;padding-right : 0px !important;margin-right : 3.84%;padding-bottom : 0px !important;padding-left : 0px !important;margin-left : 3.84%;}@media only screen and (max-width:1024px) {.fusion-body .fusion-builder-column-3{width:50% !important;order : 0;}.fusion-builder-column-3 > .fusion-column-wrapper {margin-right : 3.84%;margin-left : 3.84%;}}@media only screen and (max-width:640px) {.fusion-body .fusion-builder-column-3{width:100% !important;order : 0;}.fusion-builder-column-3 > .fusion-column-wrapper {margin-right : 1.92%;margin-left : 1.92%;}}<\/style><\/div><style type=\"text\/css\">.fusion-body .fusion-flex-container.fusion-builder-row-1-1{ padding-top : 0px;margin-top : 0px;padding-right : 0px;padding-bottom : 0px;margin-bottom : 0px;padding-left : 0px;}<\/style><\/div><div class=\"fusion-fullwidth fullwidth-box fusion-builder-row-1-2 fusion-flex-container nonhundred-percent-fullwidth non-hundred-percent-height-scrolling\" style=\"background-color: rgba(255,255,255,0);background-position: center center;background-repeat: no-repeat;border-width: 0px 0px 0px 0px;border-color:#e2e2e2;border-style:solid;\" ><div class=\"fusion-builder-row fusion-row fusion-flex-align-items-flex-start\" style=\"width:104% !important;max-width:104% !important;margin-left: calc(-4% \/ 2 );margin-right: calc(-4% \/ 2 );\"><div class=\"fusion-layout-column fusion_builder_column fusion-builder-column-4 fusion_builder_column_1_1 1_1 fusion-flex-column\"><div class=\"fusion-column-wrapper fusion-flex-justify-content-flex-start fusion-content-layout-column\" style=\"background-position:left top;background-repeat:no-repeat;-webkit-background-size:cover;-moz-background-size:cover;-o-background-size:cover;background-size:cover;padding: 0px 0px 0px 0px;\"><div class=\"fusion-form-field fusion-form-select-field fusion-form-label-above\" data-form-id=\"1661\"><label for=\"asunto\">Asunto <abbr class=\"fusion-form-element-required\" title=\"required\">*<\/abbr><\/label><div class=\"fusion-select-wrapper\"><select tabindex=\"\" id=\"asunto\" name=\"asunto\" class=\"fusion-form-input\" required=\"true\" aria-required=\"true\" data-holds-private-data=\"false\"><option value=\"\" disabled selected>escoja una opci\u00f3n<\/option><option value=\"__\" >__<\/option><option value=\"Informaci\u00f3n\/compra de publicaciones\" >Informaci\u00f3n \/ compra de publicaciones<\/option><option value=\"Informaci\u00f3n \/ compra de ediciones\"  selected >Informaci\u00f3n \/ compra de ediciones<\/option><option value=\"Informaci\u00f3n \/ otros\" >Informaci\u00f3n \/ otros<\/option><\/select><div class=\"select-arrow\"><svg width=\"12\" height=\"8\" viewBox=\"0 0 12 8\" fill=\"none\" xmlns=\"http:\/\/www.w3.org\/2000\/svg\"> <path d=\"M1.5 1.75L6 6.25L10.5 1.75\" stroke=\"#6D6D6D\" stroke-width=\"2\" stroke-linecap=\"round\" stroke-linejoin=\"round\"\/> <\/svg><\/div><\/div><\/div><div class=\"fusion-form-field fusion-form-textarea-field fusion-form-label-above\" data-form-id=\"1661\"><label for=\"mensaje\">Mensaje <abbr class=\"fusion-form-element-required\" title=\"required\">*<\/abbr><\/label><textarea cols=\"40\" rows=\"4\" tabindex=\"\" id=\"mensaje\" name=\"mensaje\" class=\"fusion-form-input\" required=\"true\" aria-required=\"true\" placeholder=\"mensaje*\" data-holds-private-data=\"false\"><\/textarea><\/div><div class=\"fusion-form-field fusion-form-checkbox-field fusion-form-label-above\" data-form-id=\"1661\"><fieldset><div class=\"fusion-form-checkbox\"><input tabindex=\"\" id=\"checkbox--1-0\" type=\"checkbox\" value=\"He le\u00eddo y acepto la pol\u00edtica de privacidad\" name=\"[]\" class=\"fusion-form-input\" required=\"true\" aria-required=\"true\" checked  data-holds-private-data=\"false\"\/><label for=\"checkbox--1-0\">He le\u00eddo y acepto la pol\u00edtica de privacidad<\/label><\/div><\/fieldset><\/div><div class=\"fusion-form-field fusion-form-recaptcha-field fusion-form-label-above\" data-form-id=\"1661\">\t\t\t\t\t\t\t\t<\/div><div class=\"fusion-form-field fusion-form-submit-field fusion-form-label-above\" data-form-id=\"1661\"><input type=\"hidden\" value=\"info@fundacionrac.org\" name=\"fusion_form_email\" \/><input type=\"hidden\" value=\"web@fundacionrac.org\" name=\"fusion_form_email_from\" \/><input type=\"hidden\" value=\"web@fundacionrac.org\" name=\"fusion_form_email_from_id\" \/><input type=\"hidden\" value=\"fundacionrac.org - formulario de contacto\" name=\"fusion_form_email_subject\" \/><input type=\"hidden\" value=\"0\" name=\"fusion_form_email_subject_encode\" \/><div ><style type=\"text\/css\">.fusion-button.button-1 {border-radius:0px;}<\/style><button type=\"submit\" class=\"fusion-button button-flat button-medium button-default button-1 fusion-button-default-span  form-form-submit button-default\" data-form-number=\"1661\" tabindex=\"\"><span class=\"fusion-button-text\">Enviar<\/span><\/button><\/div><\/div><div class=\"form-submission-notices\" id=\"fusion-notices-1\"><div class=\"fusion-alert alert success alert-success fusion-alert-center fusion-form-response fusion-form-response-success alert-dismissable\" style=\"background-color:rgba(18,184,120,0.1);color:#12b878;border-color:#12b878;border-width:1px;\"><button type=\"button\" class=\"close toggle-alert\" data-dismiss=\"alert\" aria-hidden=\"true\">&times;<\/button><div class=\"fusion-alert-content-wrapper\"><span class=\"alert-icon\"><i class=\"fa-lg fa fa-check-circle\" aria-hidden=\"true\"><\/i><\/span><span class=\"fusion-alert-content\">Gracias por tu mensaje. Intentaremos responderte lo antes posible\nThank you for your message. It has been sent.<\/span><\/div><\/div><div class=\"fusion-alert alert error alert-danger fusion-alert-center fusion-form-response fusion-form-response-error alert-dismissable\" style=\"background-color:rgba(219,75,104,0.1);color:#db4b68;border-color:#db4b68;border-width:1px;\"><button type=\"button\" class=\"close toggle-alert\" data-dismiss=\"alert\" aria-hidden=\"true\">&times;<\/button><div class=\"fusion-alert-content-wrapper\"><span class=\"alert-icon\"><i class=\"fa-lg fa fa-exclamation-triangle\" aria-hidden=\"true\"><\/i><\/span><span class=\"fusion-alert-content\">Ha habido un error mientras se enviaba el mensaje. Por favor, int\u00e9ntalo de nuevo m\u00e1s tarde\nThere was an error trying to send your message. Please try again later.<\/span><\/div><\/div><\/div><\/div><\/div><style type=\"text\/css\">.fusion-body .fusion-builder-column-4{width:100% !important;margin-top : 0px;margin-bottom : 20px;}.fusion-builder-column-4 > .fusion-column-wrapper {padding-top : 0px !important;padding-right : 0px !important;margin-right : 1.92%;padding-bottom : 0px !important;padding-left : 0px !important;margin-left : 1.92%;}@media only screen and (max-width:1024px) {.fusion-body .fusion-builder-column-4{width:100% !important;order : 0;}.fusion-builder-column-4 > .fusion-column-wrapper {margin-right : 1.92%;margin-left : 1.92%;}}@media only screen and (max-width:640px) {.fusion-body .fusion-builder-column-4{width:100% !important;order : 0;}.fusion-builder-column-4 > .fusion-column-wrapper {margin-right : 1.92%;margin-left : 1.92%;}}<\/style><\/div><style type=\"text\/css\">.fusion-body .fusion-flex-container.fusion-builder-row-1-2{ padding-top : 0px;margin-top : 0px;padding-right : 0px;padding-bottom : 0px;margin-bottom : 0px;padding-left : 0px;}<\/style><\/div><input type=\"hidden\" name=\"fusion_privacy_store_ip_ua\" value=\"true\"><input type=\"hidden\" name=\"fusion_privacy_expiration_interval\" value=\"48\"><input type=\"hidden\" name=\"privacy_expiration_action\" value=\"anonymize\"><\/form><\/div><script>var formCreatorConfig_1661 = {\"form_id\":\"1661\",\"form_post_id\":\"1661\",\"post_id\":1662,\"form_type\":\"database_email\",\"confirmation_type\":\"message\",\"redirect_url\":\"\",\"field_labels\":{\"nombre\":\"Nombre \",\"correo_electronico\":\"Correo electr\\u00f3nico\",\"apellidos\":\"Apellidos\",\"telefono\":\"Tel\\u00e9fono\",\"asunto\":\"Asunto\",\"mensaje\":\"Mensaje\",\"\":\"\"}};<\/script><\/div><\/div><style type=\"text\/css\">.fusion-body .fusion-builder-column-1{width:50% !important;margin-top : 0px;margin-bottom : 20px;}.fusion-builder-column-1 > .fusion-column-wrapper {padding-top : 0px !important;padding-right : 0px !important;margin-right : 3.84%;padding-bottom : 0px !important;padding-left : 0px !important;margin-left : 3.84%;}@media only screen and (max-width:1024px) {.fusion-body .fusion-builder-column-1{width:50% !important;order : 0;}.fusion-builder-column-1 > .fusion-column-wrapper {margin-right : 3.84%;margin-left : 3.84%;}}@media only screen and (max-width:640px) {.fusion-body .fusion-builder-column-1{width:100% !important;order : 0;}.fusion-builder-column-1 > .fusion-column-wrapper {margin-right : 1.92%;margin-left : 1.92%;}}<\/style><\/div><style type=\"text\/css\">.fusion-body .fusion-flex-container.fusion-builder-row-1{ padding-top : 0px;margin-top : 0px;padding-right : 0px;padding-bottom : 0px;margin-bottom : 0px;padding-left : 0px;}<\/style><\/div>\n","protected":false},"excerpt":{"rendered":"","protected":false},"author":1,"featured_media":0,"parent":0,"menu_order":0,"comment_status":"closed","ping_status":"closed","template":"","meta":{"footnotes":""},"class_list":["post-1662","page","type-page","status-publish","hentry"],"_links":{"self":[{"href":"http:\/\/www.fundacionrac.org\/rac\/wp-json\/wp\/v2\/pages\/1662","targetHints":{"allow":["GET"]}}],"collection":[{"href":"http:\/\/www.fundacionrac.org\/rac\/wp-json\/wp\/v2\/pages"}],"about":[{"href":"http:\/\/www.fundacionrac.org\/rac\/wp-json\/wp\/v2\/types\/page"}],"author":[{"embeddable":true,"href":"http:\/\/www.fundacionrac.org\/rac\/wp-json\/wp\/v2\/users\/1"}],"replies":[{"embeddable":true,"href":"http:\/\/www.fundacionrac.org\/rac\/wp-json\/wp\/v2\/comments?post=1662"}],"version-history":[{"count":5,"href":"http:\/\/www.fundacionrac.org\/rac\/wp-json\/wp\/v2\/pages\/1662\/revisions"}],"predecessor-version":[{"id":1667,"href":"http:\/\/www.fundacionrac.org\/rac\/wp-json\/wp\/v2\/pages\/1662\/revisions\/1667"}],"wp:attachment":[{"href":"http:\/\/www.fundacionrac.org\/rac\/wp-json\/wp\/v2\/media?parent=1662"}],"curies":[{"name":"wp","href":"https:\/\/api.w.org\/{rel}","templated":true}]}}